{"id":112,"date":"2013-04-07T18:49:23","date_gmt":"2013-04-07T18:49:23","guid":{"rendered":"http:\/\/horstth.de\/?page_id=112"},"modified":"2015-12-14T22:01:58","modified_gmt":"2015-12-14T21:01:58","slug":"impressum","status":"publish","type":"page","link":"http:\/\/horstth.de\/?page_id=112","title":{"rendered":"Impressum"},"content":{"rendered":"<p>Verantwortlich f\u00fcr den Inhalt: Dr. Horst Thei\u00dfen, Oderstra\u00dfe 56, 41363 J\u00fcchen, email horstth@aol.com<\/p>\n<p><span style=\"color: #333399;\">Ich weise darauf hin, dass ich f\u00fcr den Inhalt dieser Website keinerlei Haftung \u00fcbernehme.<\/span><br \/>\n<span style=\"color: #333399;\"> <b>Ebenso schlie\u00dfe ich ausdr\u00fccklich die Haftung f\u00fcr den Inhalt verlinkter Websites aus.<\/b><\/span><\/p>\n","protected":false},"excerpt":{"rendered":"<p class=\"excerpt\">Verantwortlich f\u00fcr den Inhalt: Dr. Horst Thei\u00dfen, Oderstra\u00dfe 56, 41363 J\u00fcchen, email horstth@aol.com Ich weise darauf hin, dass ich f\u00fcr den Inhalt dieser Website keinerlei Haftung \u00fcbernehme. Ebenso schlie\u00dfe ich ausdr\u00fccklich die Haftung f\u00fcr den Inhalt verlinkter Websites aus.<\/p>\n<p class=\"more-link-p\"><a class=\"btn btn-default\" href=\"http:\/\/horstth.de\/?page_id=112\">Read more<\/a><\/p>\n","protected":false},"author":1,"featured_media":0,"parent":0,"menu_order":0,"comment_status":"closed","ping_status":"closed","template":"","meta":{"ngg_post_thumbnail":0,"footnotes":""},"class_list":["post-112","page","type-page","status-publish","hentry"],"_links":{"self":[{"href":"http:\/\/horstth.de\/index.php?rest_route=\/wp\/v2\/pages\/112","targetHints":{"allow":["GET"]}}],"collection":[{"href":"http:\/\/horstth.de\/index.php?rest_route=\/wp\/v2\/pages"}],"about":[{"href":"http:\/\/horstth.de\/index.php?rest_route=\/wp\/v2\/types\/page"}],"author":[{"embeddable":true,"href":"http:\/\/horstth.de\/index.php?rest_route=\/wp\/v2\/users\/1"}],"replies":[{"embeddable":true,"href":"http:\/\/horstth.de\/index.php?rest_route=%2Fwp%2Fv2%2Fcomments&post=112"}],"version-history":[{"count":6,"href":"http:\/\/horstth.de\/index.php?rest_route=\/wp\/v2\/pages\/112\/revisions"}],"predecessor-version":[{"id":1880,"href":"http:\/\/horstth.de\/index.php?rest_route=\/wp\/v2\/pages\/112\/revisions\/1880"}],"wp:attachment":[{"href":"http:\/\/horstth.de\/index.php?rest_route=%2Fwp%2Fv2%2Fmedia&parent=112"}],"curies":[{"name":"wp","href":"https:\/\/api.w.org\/{rel}","templated":true}]}}